{"id":907,"date":"2021-03-12T21:01:14","date_gmt":"2021-03-12T21:01:14","guid":{"rendered":"http:\/\/34.123.87.132\/?page_id=907"},"modified":"2021-03-20T22:35:21","modified_gmt":"2021-03-20T22:35:21","slug":"termini-e-condizioni","status":"publish","type":"page","link":"https:\/\/flliperugini.com\/?page_id=907","title":{"rendered":"Termini e condizioni"},"content":{"rendered":"\t\t<div data-elementor-type=\"wp-page\" data-elementor-id=\"907\" class=\"elementor elementor-907\" data-elementor-post-type=\"page\">\n\t\t\t\t\t\t<section class=\"elementor-section elementor-top-section elementor-element elementor-element-0df13b1 elementor-section-boxed elementor-section-height-default elementor-section-height-default qodef-elementor-content-no\" data-id=\"0df13b1\" data-element_type=\"section\">\n\t\t\t\t\t\t<div class=\"elementor-container elementor-column-gap-default\">\n\t\t\t\t\t<div class=\"elementor-column elementor-col-100 elementor-top-column elementor-element elementor-element-0b8c337\" data-id=\"0b8c337\" data-element_type=\"column\">\n\t\t\t<div class=\"elementor-widget-wrap elementor-element-populated\">\n\t\t\t\t\t\t<div class=\"elementor-element elementor-element-df6f612 elementor-widget elementor-widget-text-editor\" data-id=\"df6f612\" data-element_type=\"widget\" data-widget_type=\"text-editor.default\">\n\t\t\t\t<div class=\"elementor-widget-container\">\n\t\t\t\t\t\t\t\t\t<h4>TERMINI E CONDIZIONI GENERALI DI VENDITA<\/h4><ol><li><p>Premessa<br \/>Le seguenti Condizioni Generali di Vendita regolano l\u2019offerta e la vendita di prodotti sul sito web\u00a0<a href=\"http:\/\/www.birririficiodeiperugini.com\/\">www.birririficiodeiperugini.com<\/a>(\u201cSito\u201d) tra Il Birrologo di Perugini Angelo Ditta Individuale PIVA 03604780548 (nel seguito: \u201cIl Birrologo\u201d) \u2013 e il consumatore finale (nel seguito: \u201cCliente\u201d).<br \/>2. Informazioni generali<br \/>Per effetto degli ordini formulati dal Cliente e regolarmente ricevuti ed accettati dall\u2019\u201dAzienda\u201d, con questo contratto \u201cIl Birrologo\u201d trasferisce o si impegna a trasferire la propriet\u00e0 di detti beni al Cliente e quest\u2019ultimo ne paga o si impegna a pagarne il prezzo.<br \/>L\u2019acquisto dei beni pu\u00f2 avvenire attraverso le seguenti modalit\u00e0:<br \/>\u2022 sito Internet\u00a0<a href=\"http:\/\/www.birrificiodeiperugini.com\/\">www.birrificiodeiperugini.com<br \/><\/a>\u2022 mail : angeloperu70@pec.it<br \/>\u2022 ordine telefonico<br \/>\u2022 compilazione di modulo d\u2019ordine cartaceo<br \/>\u2022 televendita.<br \/>I prodotti da acquistare sono presentati sul sito Internet, via e-mail, su cataloghi cartacei o elettronici, via posta cartacea, via telefonica, via canale televisivo. \u201cIl Birrologo\u201d serve il consumatore finale, che riceve i prodotti in vendita. I soggetti con Partita IVA che intendono avere fattura devono farne richiesta indicando tutti i dati al momento dell\u2019ordine.<br \/>L\u2019attivit\u00e0 di commercio elettronico si rivolge esclusivamente a utenti finali maggiori di 18 (diciotto) anni. Per procedere dunque all\u2019acquisto \u00e8 necessario inserire la propria data di nascita.<br \/>I prodotti resteranno di propriet\u00e0 di \u201cIl Birrologo\u201d fino all\u2019avvenuto pagamento da parte del cliente del prezzo di acquisto, delle eventuali spese di spedizione e di ogni altro eventuale costo aggiuntivo, come indicato nell\u2019ordine di acquisto e secondo le modalit\u00e0 di cui al successivo punto.<br \/>3. Come ordinare \u2013 contratto di vendita<br \/>L\u2019ordine pu\u00f2 essere effettuato mediante i canali indicati nel precedente punto 2. In particolare nel caso di utilizzo del canale rappresentato dal Sito Internet\u00a0<a href=\"http:\/\/www.birrificiodeiperugini.com\/\">www.birrificiodeiperugini.com<\/a>, il cliente seleziona dei prodotti o delle offerte che vengono automaticamente messi nel carrello. Per confermare i suoi acquisti il cliente accede alla sessione carrello cliccando il bottone \u201ccarrello\u201d e compila il buono d\u2019ordine che compare a video e il cui contenuto (prodotti o errori) pu\u00f2 essere modificato dal cliente in ogni momento prima della conclusione dell\u2019ordine. Insieme al contenuto del carrello il cliente visualizzer\u00e0 il relativo importo da pagare che verr\u00e0 automaticamente aggiornato se il cliente cambia i prodotti selezionati o le quantit\u00e0.<br \/>Cliccando sul relativo tasto il cliente proseguir\u00e0 e compiler\u00e0 il modulo con le informazioni necessarie per la fatturazione (se richiesta), il pagamento e la consegna.<br \/>Prima della conferma finale verr\u00e0 riproposto il carrello con il relativo importo da pagare.<br \/>Il contratto di vendita si intender\u00e0 perfezionato soltanto quando il cliente avr\u00e0 accettato le condizioni di vendita previste dal contratto cliccando sul tasto \u201cConfermo l\u2019ordine\u201d oppure \u201cProcedi con l\u2019acquisto\u201d. Se il cliente non procede alla conferma di accettazione del contratto di vendita tramite selezione del tasto \u201cConfermo l\u2019ordine\u201d oppure \u201cProcedi con l\u2019acquisto\u201d, il contratto di vendita non si intender\u00e0 andato a buon fine . Nessun pagamento sar\u00e0 dovuto e il cliente non ricever\u00e0 i prodotti selezionati. \u201cIl Birrologo\u201d comunque invier\u00e0 al cliente una mail di riepilogo dell\u2019ordine e del suo stato, ai sensi dell\u2019art. 13 del D. Lgs. 70\/2003, contenente le seguenti informazioni: un riepilogo delle condizioni generali e particolari applicabili al contratto, le informazioni relative alle caratteristiche essenziali del bene o del servizio, l\u2019indicazione dettagliata del prezzo e dei mezzi di pagamento, l\u2019indicazione dettagliata del recesso, dei costi di consegna e dei tributi applicabili.<br \/>Qualora il prodotto presentato sul sito non sia pi\u00f9 disponibile o in vendita successivamente all\u2019invio dell\u2019ordine di acquisto e al contestuale pagamento, \u201cIl Birrologo\u201d comunicher\u00e0 tempestivamente al cliente l\u2019indisponibilit\u00e0 del prodotto e provveder\u00e0 a contattare il cliente per concordare in alternativa: 1) la sostituzione con altro prodotto di pari valore, previo invio del modulo di \u201cconferma sostituzione\u201d debitamente sottoscritto; ovvero 2) il rimborso del prezzo pagato, a cui \u201cIl Birrologo\u201d provveder\u00e0 entro 5 (cinque) giorni.<br \/>Non \u00e8 possibile sostituire il prodotto acquistato con altro senza costi aggiuntivi.<br \/>In caso di offerte promozionali il cliente pu\u00f2 acquistare una o pi\u00f9 singole offerte.<br \/>4. Descrizione dei prodotti, caratteristiche e prezzi<br \/>I prodotti sono presentati e descritti sul sito, nelle offerte specifiche online e nelle email di vendita che possono contenere specifici link.<br \/>I prezzi dei beni presentati, sono espressi in euro, sono comprensivi di Iva e di ogni altra eventuale imposta. L\u2019eventuale durata delle promozioni e delle offerte \u00e8 segnalata in corrispondenza del prodotto o dell\u2019offerta cui \u00e8 riferita, cos\u00ec come i prezzi applicati.<br \/>Le offerte esclusive o \u201cflash sale\u201d di birra artigianale pubblicate sul sito o inviate via email hanno una durata limitata sempre segnalata e sono valide fino ad eventuale esaurimento scorte. La data di scadenza delle offerte \u00e8 indicata sul sito e comunicata al cliente se registrato.<br \/>Qualsiasi spesa accessoria, laddove prevista, \u00e8 segnalata in corrispondenza del prodotto cui \u00e8 applicata.<br \/>La sostituzione di un articolo esaurito all\u2019interno di un\u2019offerta promozionale verr\u00e0 effettuata con un articolo alternativo dello stesso valore; nel caso di esaurimento di un\u2019intera confezione ovvero della maggior parte dei prodotti ordinati, \u201cIl Birrologo\u201d provveder\u00e0 a contattare il cliente.<br \/>5. Spese di spedizione<br \/>\u00c8 richiesto un contributo fisso di spedizione per ogni ordine consegnato sul territorio italiano, allo stesso destinatario, indipendentemente dal numero di prodotti consegnati in un\u2019unica soluzione, a meno che non sia espressamente specificato. Per ordini tramite sito Internet, l\u2019importo \u00e8 sempre indicato e visibile al momento del processo di acquisto. Le spese di spedizione in questo caso sono a carico dell\u2019Azienda per ordini maggiori di 80 euro.<br \/>Le spese di spedizione e ogni altro eventuale costo aggiuntivo, comprensivi di IVA ed espressi in Euro (\u20ac), saranno espressamente e separatamente indicati nel modulo d\u2019ordine prima che l\u2019Utente proceda alla trasmissione del medesimo, nonch\u00e9 nella e-mail di accettazione dell\u2019ordine da parte di \u201cIl Birrologo\u201d. Il prezzo dei prodotti pubblicato sul Sito pu\u00f2 essere modificato senza preavviso, fermo restando che il prezzo addebitato all\u2019Utente sar\u00e0 quello indicato sulla scheda del prodotto al momento dell\u2019invio dell\u2019ordine da parte dell\u2019Utente.<br \/>Per pacchi voluminosi o per particolare valore della merce trasportata potrebbe essere richiesto il pagamento di un contributo di imballo, il cui importo \u00e8 variabile dal prodotto da consegnare e, in ogni caso, \u00e8 chiaramente indicato nella documentazione \u2013 cartacea o elettronica \u2013 che permette di perfezionare l\u2019ordine.<br \/>6. Modalit\u00e0 di pagamento<br \/>Sono accettati: (i) carta di credito CartaS\u00ec, MasterCard, Visa, (ii) PayPal, Bonifico Bancario o Poste Pay, mentre sul sito\u00a0<a href=\"http:\/\/www.birrificiodeiperugini.com\/\">www.birrificiodeiperugini.com<\/a>si accede al pagamento con carte di credito tramite Paypal, Poste Pay o Bonifico Bancario.<br \/>Si precisa che \u201cIl Birrologo\u201d non imporr\u00e0 ai Clienti, in relazione alle carte di pagamento suddette, spese per l\u2019uso delle stesse, ovvero nei casi espressamente stabiliti, tariffe che superino quelle sostenute da \u201cIl Birrologo\u201d stessa. L\u2019istituto di emissione della carta di pagamento riaccredita al Cliente i pagamenti in caso di addebitamento eccedente rispetto al prezzo pattuito ovvero in caso di uso fraudolento della propria carta di pagamento da parte di \u201cIl Birrologo\u201d o di un terzo. L\u2019istituto di emissione della carta di pagamento ha diritto di addebitare a \u201cIl Birrologo\u201d le somme riaccreditate al cliente.<br \/>Qualora per qualunque causa o ragione il pagamento del cliente venisse rifiutato, \u201cIl Birrologo\u201d rifiuter\u00e0 il relativo ordine di acquisto del cliente, dandone comunicazione a quest\u2019ultimo a mezzo e-mail.<br \/>L\u2019addebito della somma dovuta, come risultante dall\u2019ordine di acquisto inviato dal cliente e accettato da \u201cIl Birrologo\u201d, \u00e8 effettuato al termine della procedura di acquisto solo a seguito della verifica dei dati della carta di credito utilizzata dal cliente per il pagamento da parte di PayPal; e del rilascio dell\u2019autorizzazione all\u2019addebito da parte della societ\u00e0 emittente della carta di credito utilizzata dal cliente.<br \/>7. Termini di consegna e responsabilit\u00e0<br \/>\u201cIl Birrologo\u201d \u00e8 un piccolo birrificio che produce birre artigianali italiane. Per questo il flusso di evasione degli ordini viene gestito con cura e richiede un tempo. \u201cIl Birrologo\u201d si impegna a consegnare la merce ordinata entro 5 (cinque) giorni per gli ordini di importo fino a 150 Euro conclusi con pagamento elettronico (Carta di credito, Paypal). Ordini di importi superiori prevedono una fase di approvazione da parte dell\u2019azienda e pertanto non possono garantire i tempi di consegna di 5 giorni.<br \/>Non sono inclusi nel calcolo delle 5 giornate i sabati e le domeniche e\/o altri giorni festivi (a titolo di esempio un ordine effettuato il venerd\u00ec o il giorno precedente ad un giorno festivo sar\u00e0 evaso nel primo giorno lavorativo utile).<br \/>Inoltre nel periodo compreso tra il 19\u00a0dicembre\u00a0e il 9\u00a0gennaio\u00a0di ogni anno e nei periodi delle festivit\u00e0 nazionali le spedizioni sono sospese e comunque non garantite nei tempi e nei modi abituali ( 3\/5 giorni ) qualora si desideri ugualmente acquistare i nostri prodotti saranno comunque spediti rispettando le date indicate al punto sopra.<br \/>La consegna s\u2019intende eseguita quando la merce ordinata entra in possesso del cliente o della persona che questi ha delegato al ritiro. Nel caso detti termini non possano essere rispettati (es.: prodotti non presenti in magazzino), \u201cIl Birrologo\u201d s\u2019impegna ad avvisare il cliente attraverso la modalit\u00e0 che consenta la maggiore tempestivit\u00e0 per avvertirlo e segnalare quando le merci potranno essere consegnate. In tale caso, l\u2019addebito del prezzo al Cliente avverr\u00e0 soltanto all\u2019atto dell\u2019effettiva consegna dei prodotti ordinati.<br \/>8. Merce danneggiata al momento della consegna<br \/>Qualora fossero consegnati dal corriere pacchi danneggiati, rotti o macchiati dalla eventuale fuoriuscita di birra, il cliente ha facolt\u00e0 di respingere la spedizione, indicando espressamente sul modulo di consegna del corriere il relativo motivo o di ritirarla \u201ccon riserva\u201d comunicando al corriere e tempestivamente a \u201cIl Birrologo\u201d le quantit\u00e0 danneggiate e qualora si potesse corredare di foto della merce danneggiata. \u201cIl Birrologo\u201d provveder\u00e0 cosi alla sostituzione del prodotto o dei prodotti, e alla relativa spedizione o rimborso.<br \/>Nel caso in cui la spedizione fosse di pi\u00f9 colli e non tutti fossero danneggiati, il cliente ha diritto di ritirare la consegna e respingere la spedizione del solo pacco danneggiato, sottoscrivendo il modulo di consegna del corriere \u201cCon Riserva\u201d e indicandovi il numero dei colli danneggiati e resi. Il Birrologo si far\u00e0 carico della restituzione della spedizione tramite il corriere, senza costi aggiuntivi a carico del cliente.<br \/>Il prodotto danneggiato sar\u00e0 sostituito da \u201cIl Birrologo\u201d senza nessun costo per il cliente, entro 15 (quindici) giorni dalla consegna. Qualora il prodotto da sostituire fosse esaurito, il cliente verr\u00e0 contattato tempestivamente da \u201cIl Birrologo\u201d per concordare in alternativa la sostituzione con altro prodotto di pari valore, previo invio del modulo di \u201cconferma sostituzione\u201d debitamente sottoscritto, il rimborso del prezzo pagato, a cui \u201cIl Birrologo\u201d provveder\u00e0 entro 5 (cinque) giorni<br \/>Le spese di spedizione per la restituzione a \u201cIl Birrologo\u201d del pacco danneggiato, per la riconsegna al cliente dei prodotti in sostituzione ed eventuali costi per il rimborso del prezzo sono a carico di \u201cIl Birrologo\u201d.<br \/>9. Resi e sostituzione merce difettosa<br \/>Nel caso in cui il cliente riscontrasse un difetto nel prodotto o nei prodotti consegnatagli, il cliente \u00e8 tenuto a comunicarlo tempestivamente all\u2019indirizzo email angeloperu70@pec.it segnalando il problema riscontrato e specificando nome e cognome, numero d\u2019ordine, descrizione dettagliata del difetto riscontrato, allegando fotografie a corredo, nonch\u00e9 a mettere a disposizione di \u201cIl Birrologo\u201d il prodotto ritenuto difettoso.<br \/>\u201cIl Birrologo\u201d provveder\u00e0 a verificare i difetti lamentati dal cliente che, se riscontrati, daranno diritto alla sostituzione del prodotto o dei prodotti, previa comunicazione all\u2019indirizzo e-mail del cliente.<br \/>Solo dopo aver ricevuto l\u2019autorizzazione scritta da parte di \u201cIl Birrologo\u201d ed entro 3 (tre) giorni dal ricevimento di detta comunicazione, il cliente deve rispedire i prodotti a \u201cIl Birrologo\u201d, confezionati possibilmente nell\u2019imballo originale e utilizzando il corriere indicato da \u201cIl Birrologo\u201d nella comunicazione di autorizzazione.<br \/>\u201cIl Birrologo\u201d sostituisce il prodotto o i prodotti difettosi a proprie spese e sostiene i costi della restituzione. Nel caso in cui i prodotti inizialmente richiesti dal cliente fossero esauriti, \u201cIl Birrologo\u201d provvede al rimborso della somma pagata dall\u2019Utente, nel pi\u00f9 breve termine possibile e comunque entro 3 (tre) giorni dal ricevimento della comunicazione di autorizzazione di \u201cIl Birrologo\u201d<br \/>10. Forniture non richieste<br \/>Salvo consenso del Cliente, da esprimersi prima o al momento della conclusione del contratto, \u201cIl Birrologo\u201d non eseguir\u00e0 alcuna fornitura diversa da quella pattuita, anche se di valore e qualit\u00e0 equivalenti o superiori.<br \/>Qualora il Cliente riceva una fornitura non richiesta, ne dovr\u00e0 dare notizia al Servizio Clienti, tel 075 8039676 affinch\u00e9 \u201cIl Birrologo\u201d provveda al ritiro di detta fornitura e rimborsi il Cliente dell\u2019eventuale somma gi\u00e0 corrisposta.<br \/>11. Diritto di recesso confezione integra<br \/>In base a quanto citato dall\u2019art. 52, d. lgs 21\/2014 il Cliente il diritto di esercitare il recesso (cio\u00e8 il diritto di restituire la merce, per qualsivoglia motivazione e senza addurre giustificazioni e senza alcun onere a suo carico) dopo n. 14 (quattordici) giorni dalla consegna dei beni, semplicemente dandone notizia a \u201cIl Birrologo\u201d. Il diritto di recesso pu\u00f2 essere esercitato presentando una qualsiasi dichiarazione esplicita della sua decisione di recedere dal contratto, via pec all\u2019indirizzo angeloperu70@pec.it o via posta ordinaria indirizzando a Il Birrologo di Perugini Angelo Ditta Individuale..<\/p><\/li><\/ol>\t\t\t\t\t\t\t\t<\/div>\n\t\t\t\t<\/div>\n\t\t\t\t\t<\/div>\n\t\t<\/div>\n\t\t\t\t\t<\/div>\n\t\t<\/section>\n\t\t\t\t<section class=\"elementor-section elementor-top-section elementor-element elementor-element-5ac34ab elementor-section-boxed elementor-section-height-default elementor-section-height-default qodef-elementor-content-no\" data-id=\"5ac34ab\" data-element_type=\"section\">\n\t\t\t\t\t\t<div class=\"elementor-container elementor-column-gap-default\">\n\t\t\t\t\t<div class=\"elementor-column elementor-col-100 elementor-top-column elementor-element elementor-element-021c68a\" data-id=\"021c68a\" data-element_type=\"column\">\n\t\t\t<div class=\"elementor-widget-wrap elementor-element-populated\">\n\t\t\t\t\t\t\t<\/div>\n\t\t<\/div>\n\t\t\t\t\t<\/div>\n\t\t<\/section>\n\t\t\t\t<section class=\"elementor-section elementor-top-section elementor-element elementor-element-c51fc1c elementor-section-boxed elementor-section-height-default elementor-section-height-default qodef-elementor-content-no\" data-id=\"c51fc1c\" data-element_type=\"section\">\n\t\t\t\t\t\t<div class=\"elementor-container elementor-column-gap-default\">\n\t\t\t\t\t<div class=\"elementor-column elementor-col-100 elementor-top-column elementor-element elementor-element-7c919ef\" data-id=\"7c919ef\" data-element_type=\"column\">\n\t\t\t<div class=\"elementor-widget-wrap\">\n\t\t\t\t\t\t\t<\/div>\n\t\t<\/div>\n\t\t\t\t\t<\/div>\n\t\t<\/section>\n\t\t\t\t<section class=\"elementor-section elementor-top-section elementor-element elementor-element-37ed811 elementor-section-boxed elementor-section-height-default elementor-section-height-default qodef-elementor-content-no\" data-id=\"37ed811\" data-element_type=\"section\">\n\t\t\t\t\t\t<div class=\"elementor-container elementor-column-gap-default\">\n\t\t\t\t\t<div class=\"elementor-column elementor-col-100 elementor-top-column elementor-element elementor-element-7f2ff26\" data-id=\"7f2ff26\" data-element_type=\"column\">\n\t\t\t<div class=\"elementor-widget-wrap\">\n\t\t\t\t\t\t\t<\/div>\n\t\t<\/div>\n\t\t\t\t\t<\/div>\n\t\t<\/section>\n\t\t\t\t<\/div>\n\t\t","protected":false},"excerpt":{"rendered":"<p>TERMINI E CONDIZIONI GENERALI DI VENDITA PremessaLe seguenti Condizioni Generali di Vendita regolano l\u2019offerta e la vendita di prodotti sul sito web\u00a0www.birririficiodeiperugini.com(\u201cSito\u201d) tra Il Birrologo di Perugini Angelo Ditta Individuale PIVA 03604780548 (nel seguito: \u201cIl Birrologo\u201d) \u2013 e il consumatore finale (nel seguito: \u201cCliente\u201d).2. Informazioni generaliPer effetto degli ordini formulati dal Cliente e regolarmente ricevuti [&hellip;]<\/p>\n","protected":false},"author":1,"featured_media":0,"parent":0,"menu_order":0,"comment_status":"closed","ping_status":"open","template":"","meta":{"_price":"","_stock":"","_tribe_ticket_header":"","_tribe_default_ticket_provider":"","_ticket_start_date":"","_ticket_end_date":"","_tribe_ticket_show_description":"","_tribe_ticket_show_not_going":false,"_tribe_ticket_use_global_stock":"","_tribe_ticket_global_stock_level":"","_global_stock_mode":"","_global_stock_cap":"","_tribe_rsvp_for_event":"","_tribe_ticket_going_count":"","_tribe_ticket_not_going_count":"","_tribe_tickets_list":"[]","_tribe_ticket_has_attendee_info_fields":false,"footnotes":"","_tec_slr_enabled":"","_tec_slr_layout":""},"class_list":["post-907","page","type-page","status-publish","hentry"],"jetpack_sharing_enabled":true,"ticketed":false,"_links":{"self":[{"href":"https:\/\/flliperugini.com\/index.php?rest_route=\/wp\/v2\/pages\/907","targetHints":{"allow":["GET"]}}],"collection":[{"href":"https:\/\/flliperugini.com\/index.php?rest_route=\/wp\/v2\/pages"}],"about":[{"href":"https:\/\/flliperugini.com\/index.php?rest_route=\/wp\/v2\/types\/page"}],"author":[{"embeddable":true,"href":"https:\/\/flliperugini.com\/index.php?rest_route=\/wp\/v2\/users\/1"}],"replies":[{"embeddable":true,"href":"https:\/\/flliperugini.com\/index.php?rest_route=%2Fwp%2Fv2%2Fcomments&post=907"}],"version-history":[{"count":28,"href":"https:\/\/flliperugini.com\/index.php?rest_route=\/wp\/v2\/pages\/907\/revisions"}],"predecessor-version":[{"id":2063,"href":"https:\/\/flliperugini.com\/index.php?rest_route=\/wp\/v2\/pages\/907\/revisions\/2063"}],"wp:attachment":[{"href":"https:\/\/flliperugini.com\/index.php?rest_route=%2Fwp%2Fv2%2Fmedia&parent=907"}],"curies":[{"name":"wp","href":"https:\/\/api.w.org\/{rel}","templated":true}]}}